{"id":58,"date":"2021-05-10T11:34:14","date_gmt":"2021-05-10T09:34:14","guid":{"rendered":"https:\/\/paradisedesignstore.com\/?post_type=product&#038;p=58"},"modified":"2023-11-07T11:40:20","modified_gmt":"2023-11-07T10:40:20","slug":"t-sily-r1","status":"publish","type":"product","link":"https:\/\/paradisedesignstore.com\/en\/product\/t-sily-r1\/","title":{"rendered":"T-SILY-R1"},"content":{"rendered":"<p>Camiseta de punto el\u00e1stico con un ajuste fino, hecha de fibras de viscosa con certificaci\u00f3n de la etiqueta ecol\u00f3gica de la UE LENZING\u2122 ECOVERO\u2122, derivadas de fuentes de madera renovable certificada. El proceso de producci\u00f3n eco-responsable genera un 50% menos de emisiones e impacto en el agua en comparaci\u00f3n con la viscosa gen\u00e9rica. LENZING\u2122 ECOVERO\u2122 las fibras se pueden identificar en el producto final, y son marcas comerciales de Lenzing AG. El logotipo gr\u00e1fico de la \u00abD\u00bb en la parte delantera y la escritura Diesel en la parte trasera est\u00e1n creados con micro-tornillos met\u00e1licos.<\/p>\n<ul>\n<li>94%Viscosa 6%Elastano<\/li>\n<li>Slim fit<\/li>\n<li>Green label<\/li>\n<\/ul>\n<h2>Instrucciones de cuidado<\/h2>\n<ul>\n<li>Lavar a m\u00e1quina a 30 \u00b0C<\/li>\n<li>No blanquear<\/li>\n<li>No secar en secadora<\/li>\n<li>Planchar a 110 \u00b0C max<\/li>\n<li>No lavar en seco<\/li>\n<li>Secar colgada a la sombra<\/li>\n<\/ul>\n<h2>Talle y corte<\/h2>\n<ul>\n<li>La modelo viste una talla S y mide 177 cm<\/li>\n<\/ul>\n","protected":false},"excerpt":{"rendered":"<p>Camiseta Green Label con logotipo de tachuelas<\/p>\n","protected":false},"featured_media":0,"comment_status":"open","ping_status":"closed","template":"","meta":[],"product_brand":[],"product_cat":[31,30,38,33],"product_tag":[17,18,19],"cta-producto":[],"class_list":{"0":"post-58","1":"product","2":"type-product","3":"status-publish","5":"product_cat-accesories","6":"product_cat-clothes","7":"product_cat-destacado","8":"product_cat-sunglasses","9":"product_tag-mujer","10":"product_tag-ropa","11":"product_tag-t-shirts-y-tops","12":"pa_color-blanco","13":"pa_color-negro","15":"first","16":"instock","17":"shipping-taxable","18":"purchasable","19":"product-type-variable","20":"has-default-attributes","21":"wvs-archive-product-wrapper"},"_links":{"self":[{"href":"https:\/\/paradisedesignstore.com\/en\/wp-json\/wp\/v2\/product\/58","targetHints":{"allow":["GET"]}}],"collection":[{"href":"https:\/\/paradisedesignstore.com\/en\/wp-json\/wp\/v2\/product"}],"about":[{"href":"https:\/\/paradisedesignstore.com\/en\/wp-json\/wp\/v2\/types\/product"}],"replies":[{"embeddable":true,"href":"https:\/\/paradisedesignstore.com\/en\/wp-json\/wp\/v2\/comments?post=58"}],"wp:attachment":[{"href":"https:\/\/paradisedesignstore.com\/en\/wp-json\/wp\/v2\/media?parent=58"}],"wp:term":[{"taxonomy":"product_brand","embeddable":true,"href":"https:\/\/paradisedesignstore.com\/en\/wp-json\/wp\/v2\/product_brand?post=58"},{"taxonomy":"product_cat","embeddable":true,"href":"https:\/\/paradisedesignstore.com\/en\/wp-json\/wp\/v2\/product_cat?post=58"},{"taxonomy":"product_tag","embeddable":true,"href":"https:\/\/paradisedesignstore.com\/en\/wp-json\/wp\/v2\/product_tag?post=58"},{"taxonomy":"cta-producto","embeddable":true,"href":"https:\/\/paradisedesignstore.com\/en\/wp-json\/wp\/v2\/cta-producto?post=58"}],"curies":[{"name":"wp","href":"https:\/\/api.w.org\/{rel}","templated":true}]}}