{"id":182,"date":"2021-05-11T09:41:16","date_gmt":"2021-05-11T07:41:16","guid":{"rendered":"https:\/\/paradisedesignstore.com\/?post_type=product&#038;p=182"},"modified":"2023-11-07T11:40:20","modified_gmt":"2023-11-07T10:40:20","slug":"o-le","status":"publish","type":"product","link":"https:\/\/paradisedesignstore.com\/en\/product\/o-le\/","title":{"rendered":"O-LE"},"content":{"rendered":"<p>Esta falda se confecciona a paneles en felpa de algod\u00f3n y denim tratado, una combinaci\u00f3n que recuerda a los pantalones deportivos en la parte delantera y a los vaqueros en la parte trasera.<\/p>\n<p>100%Algod\u00f3n, Contraste 82%Algod\u00f3n 18%Poli\u00e9ster<br \/>\nCorte holgado<br \/>\nCintura el\u00e1stica con cord\u00f3n ajustable<br \/>\nTope grande de metal<br \/>\nAplique con logotipo en piel en la parte trasera<br \/>\nSin forro<\/p>\n<h2>Instrucciones de cuidado<\/h2>\n<ul>\n<li>Lavar a m\u00e1quina a 30 \u00b0C<\/li>\n<li>No blanquear<\/li>\n<li>No secar en secadora<\/li>\n<li>Planchar a 110 \u00b0C max<\/li>\n<li>No lavar en seco<\/li>\n<li>Secar colgada a la sombra<\/li>\n<\/ul>\n<div><\/div>\n<h2>Talla y corte<\/h2>\n<div>La modelo viste una talla S y mide 177 cm<\/div>\n","protected":false},"excerpt":{"rendered":"<p>Falda larga en felpa y denim<\/p>\n","protected":false},"featured_media":0,"comment_status":"open","ping_status":"closed","template":"","meta":[],"product_brand":[],"product_cat":[31,34,30,38],"product_tag":[],"cta-producto":[58],"class_list":{"0":"post-182","1":"product","2":"type-product","3":"status-publish","5":"product_cat-accesories","6":"product_cat-bags-backpacks","7":"product_cat-clothes","8":"product_cat-destacado","9":"pa_color-gris-azul-marino","10":"cta-producto-fiesta","12":"first","13":"instock","14":"shipping-taxable","15":"purchasable","16":"product-type-variable","17":"has-default-attributes","18":"wvs-archive-product-wrapper"},"_links":{"self":[{"href":"https:\/\/paradisedesignstore.com\/en\/wp-json\/wp\/v2\/product\/182","targetHints":{"allow":["GET"]}}],"collection":[{"href":"https:\/\/paradisedesignstore.com\/en\/wp-json\/wp\/v2\/product"}],"about":[{"href":"https:\/\/paradisedesignstore.com\/en\/wp-json\/wp\/v2\/types\/product"}],"replies":[{"embeddable":true,"href":"https:\/\/paradisedesignstore.com\/en\/wp-json\/wp\/v2\/comments?post=182"}],"wp:attachment":[{"href":"https:\/\/paradisedesignstore.com\/en\/wp-json\/wp\/v2\/media?parent=182"}],"wp:term":[{"taxonomy":"product_brand","embeddable":true,"href":"https:\/\/paradisedesignstore.com\/en\/wp-json\/wp\/v2\/product_brand?post=182"},{"taxonomy":"product_cat","embeddable":true,"href":"https:\/\/paradisedesignstore.com\/en\/wp-json\/wp\/v2\/product_cat?post=182"},{"taxonomy":"product_tag","embeddable":true,"href":"https:\/\/paradisedesignstore.com\/en\/wp-json\/wp\/v2\/product_tag?post=182"},{"taxonomy":"cta-producto","embeddable":true,"href":"https:\/\/paradisedesignstore.com\/en\/wp-json\/wp\/v2\/cta-producto?post=182"}],"curies":[{"name":"wp","href":"https:\/\/api.w.org\/{rel}","templated":true}]}}