{"id":527,"date":"2021-05-31T11:28:13","date_gmt":"2021-05-31T09:28:13","guid":{"rendered":"https:\/\/paradisedesignstore.com\/?page_id=527"},"modified":"2023-10-24T01:48:05","modified_gmt":"2023-10-23T23:48:05","slug":"faqs","status":"publish","type":"page","link":"https:\/\/paradisedesignstore.com\/en\/faqs\/","title":{"rendered":"Faqs"},"content":{"rendered":"<h2>General<\/h2>\n<h3>1. In which countries can I buy online?<\/h3>\n<p>You can check HERE in which countries we ship orders, in addition to costs and delivery times.<\/p>\n<h3>2. How can I contact customer support?<\/h3>\n<p>We are at your disposal through these channels:<\/p>\n<p>&#8211; By WhatsApp at 615 043 665.<br \/>\n&#8211; Sending an email to <a href=\"mailto:shop@paradisedesignstore.com\">shop@paradisedesignstore.com<\/a><br \/>\n&#8211; By the online chat on our website, where you will be attended by one of our agents. If none available, you can send a form <a href=\"https:\/\/paradisedesignstore.com\/en\/contact\/\">HERE<\/a>.<br \/>\n&#8211; Through our social media: Instagram or Facebook.<\/p>\n<h3>3. Where can I insert a promo code?<\/h3>\n<p>From the <strong> Checkout <\/strong> (CHECKOUT) page you can insert the discount code in the field <em> \u00abDo you have a coupon? Click here to enter your code\u00bb. <\/em> You will be asked for the coupon name and click on the button <em> \u00abapply coupon\u00bb <\/em>.<\/p>\n<p><em>* Remember that promo codes are not cumulative with other promos and they are valid only for single use.<\/em><\/p>\n<h3>4. Out of stock products are replenished?<\/h3>\n<p>We are sorry that the item you want is out of stock. We work with small collections and limited stocks, so it is possible that the product you want can\u2019t be replenished.<\/p>\n<p>If you need to know if a product will be back, we recommend you send an email to <a href=\"mailto:shop@paradisedesignstore.com\">shop@paradisedesignstore.com<\/a> or contact us via the online chat on the website. We will respond to your query as soon as possible.<\/p>\n<h3>5. When will the \u00abComing son\u00bb products arrive?<\/h3>\n<p>Products with the COMING SOON tag will arrive in the next few days.<\/p>\n<h3>6. Can I request a gift voucher?<\/h3>\n<p>In our store online you can\u2019t request gift vouchers.<\/p>\n<p>Of course, if you place an online order for present, we recommend you indicate it as COMMENTS of the order when you complete the purchase. We will send you the invoice by email and we will hide the prices of all items.<\/p>\n<h3>7. How do I know what is my size?<\/h3>\n<p>In all product pages you will find some tips on how the size of each item is, and also its measures.<\/p>\n<p>If even then you have doubts about sizes or you need us to measure any item, we recommend you contact us via the online chat on the website or send us an email to <a href=\"mailto:shop@paradisedesignstore.com\">shop@paradisedesignstore.com<\/a> indicating the name or the reference of the item and we will help you as much as we can.<\/p>\n<p>We will respond to your query as soon as possible.<\/p>\n<p>The customer service hours are from Monday to Friday from 9h to 18h.<br \/>\nEn cada ficha de producto encontrar\u00e1s algunos consejos de c\u00f3mo talla cada art\u00edculo, as\u00ed como sus medidas.<\/p>\n<h2>My Account<\/h2>\n<h3><strong>1. Do I have to create an account to shop online?<\/strong><\/h3>\n<p style=\"font-weight: 400;\">No, you can place and order as registered user or as guest.<\/p>\n<p style=\"font-weight: 400;\">Register on PARADISE DESIGN STORE and enjoy all the benefits:<\/p>\n<p style=\"font-weight: 400;\">&#8211; Check your orders and their status at any time.<\/p>\n<p style=\"font-weight: 400;\">&#8211; Change addresses, emails and other details.<\/p>\n<p style=\"font-weight: 400;\">&#8211; Enjoy special discounts and promotions.<\/p>\n<p style=\"font-weight: 400;\">&#8211; Check your previous orders or print the return forms (request the return of your order quickly).<\/p>\n<p style=\"font-weight: 400;\">&#8211; Subscribe to the notices of availability of the products that will arrive soon.<\/p>\n<p style=\"font-weight: 400;\">&#8211; Do your\u00a0<strong>Wishlist<\/strong>\u00a0and save it. Come back to it when you are ready to place an order.<\/p>\n<h3><strong>2. How can I create an account on PARADISE DESIGN STORE?<\/strong><\/h3>\n<p style=\"font-weight: 400;\">It is very simple!\u00a0You have to select the\u00a0<strong>\u201cMy account\u201d<\/strong>\u00a0section at the top right of the website and click\u00a0<strong>\u201cCreate an account\u201d<\/strong>.<\/p>\n<p style=\"font-weight: 400;\">You will have to enter your personal details (name, address, phone number\u2026) and accept the data processing. Then, we will send you an email with which you will have to confirm your account.<\/p>\n<h3><strong>3. How can I Access my account?<\/strong><\/h3>\n<p style=\"font-weight: 400;\">You only have to click on\u00a0<strong>\u201cMy account\u201d<\/strong>,\u00a0then LOGIN. You have to introduce your email and password \u00a0by clicking on LOGIN icon that you can find on top right part of the website.<\/p>\n<h3><strong>4. How can I edit my information?<\/strong><\/h3>\n<p style=\"font-weight: 400;\">You have to log into your account and select<strong>\u00a0\u201cMy personal information\u201d<\/strong>. In this section you can change your name, your email, or your birth date.<\/p>\n<p style=\"font-weight: 400;\">If you want to change the billing or shipping address, you have to click on\u00a0<strong>\u201cMy addresses\u201d<\/strong>.<\/p>\n<h3><strong>5. How can I access \u201cMy Wishlist\u201d?<\/strong><\/h3>\n<p style=\"font-weight: 400;\">You can access to your favorites through<strong>\u00a0<\/strong><strong>\u201cMy account\u201d&gt;&gt; \u201cMy Wishlist\u201d.<\/strong><\/p>\n<p style=\"font-weight: 400;\">In this section you can change the list or buy the selection. We don\u2019t reserve the products, but they are recorded for later.<\/p>\n<h3><strong>6. \u00bfHow can I restore my password?<\/strong><\/h3>\n<p style=\"font-weight: 400;\">Did you forget your password?\u00a0Don\u2019t worry!<\/p>\n<p style=\"font-weight: 400;\">You have to click on\u00a0<strong>\u201cForgot your password?\u201d<\/strong>\u00a0and insert your email.<\/p>\n<p style=\"font-weight: 400;\">Then, you will receive and email to restore it.<\/p>\n<h3><strong>7. How can I change my password?<\/strong><\/h3>\n<p style=\"font-weight: 400;\">It\u2019s very easy!<\/p>\n<p style=\"font-weight: 400;\">You have to log into your account and select\u00a0<strong>\u201cMy access information\u201d<\/strong>\u00a0Then you have to insert the current password, the new one and click on\u00a0<strong>\u201cNEXT\u201d<\/strong>.<\/p>\n<h3><strong>8. It\u2019s possible to delete my account?<\/strong><\/h3>\n<p style=\"font-weight: 400;\">Yes, you can delete it selecting\u00a0<strong>\u201cMy account information &gt;&gt; Delete account\u201d<\/strong>. Please note that this action can\u2019t be undone and you will lose your order history, your favorite items and the gift vouchers related to your account.<\/p>\n<h3><strong>9. How can I cancel an order?<\/strong><\/h3>\n<p style=\"font-weight: 400;\">It\u2019s possible to cancel an order as long as the parcel is not prepared. You can request the cancellation by WhatsApp or via\u00a0email to\u00a0<u><a href=\"mailto:shop@paradisedesignstore.com\">shop@paradisedesignstore.com<\/a><\/u><\/p>\n<p style=\"font-weight: 400;\">We recommend you the first option to get an answer as soon as possible.<\/p>\n<p style=\"font-weight: 400;\">If the order has left our logistics warehouse, we can\u2019t process the order cancellation. You will have to make a return when you receive it.\u00a0We are sorry!<\/p>\n<h3><strong>10. How can I make an online purchase?<\/strong><\/h3>\n<p style=\"font-weight: 400;\">You will see that the process is very easy, and if you need help you only have to contact us:<\/p>\n<ol>\n<li style=\"font-weight: 400;\">Choose the items you like and add them to your Shopping Bag, making sure the size and color are correct.<\/li>\n<\/ol>\n<p style=\"font-weight: 400;\">\n<ol start=\"2\">\n<li style=\"font-weight: 400;\">If you click on your Shopping Bag, you will know how many products you have in the cart and the total amount. The shipping costs will be added later..<\/li>\n<\/ol>\n<p style=\"font-weight: 400;\">\n<ol start=\"3\">\n<li style=\"font-weight: 400;\">Once you are done, click on the link \u201cShop now\u201d to complete the purchase.<\/li>\n<\/ol>\n<p style=\"font-weight: 400;\">\n<ol start=\"4\">\n<li style=\"font-weight: 400;\">Remember that we have few stock and that\u2019s why your Shopping Bag is reserved for a limited time.<\/li>\n<\/ol>\n<p style=\"font-weight: 400;\">\n<ol start=\"5\">\n<li style=\"font-weight: 400;\">Once you have introduced the requested information, check them and click on \u201cCHECKOUT CONFIRMATION\u201d<\/li>\n<\/ol>\n<p style=\"font-weight: 400;\">If you have some promo code, remember to insert it and validate it at\u00a0<strong>first step<\/strong><strong>.<\/strong><\/p>\n<ol start=\"6\">\n<li style=\"font-weight: 400;\">Choose if you want to pick up your order at Paradise Design headquarters in Ainsa (Huesca) or receive it at home by post. It is very important that you check that the billing and shipping addresses are correct.<\/li>\n<\/ol>\n<p style=\"font-weight: 400;\">\n<ol start=\"7\">\n<li style=\"font-weight: 400;\">Once the purchase process is completed correctly, check your email for the Order Confirmation. That email will indicate you the purchase number, in order that you can communicate with us whenever you need.<\/li>\n<\/ol>\n<p style=\"font-weight: 400;\">\n<ol start=\"8\">\n<li style=\"font-weight: 400;\">Now we get to work, so you can enjoy your order as soon as possible!<\/li>\n<\/ol>\n<p style=\"font-weight: 400;\">\n<h3><strong>11. How can I receive the newsletter?<\/strong><\/h3>\n<p style=\"font-weight: 400;\">Click on this\u00a0<u>LINK<\/u>\u00a0and complete the requested information. Once you are subscribed, we will send you the latest news and trends of the store.<\/p>\n<p style=\"font-weight: 400;\">First you will receive an email where you have to confirm the subscription. Then you will receive another email with the welcome code. Of course, keep in mind that it is not immediate, it may take a few minutes between these two emails, but it will arrive!<\/p>\n<p style=\"font-weight: 400;\">When you sign up, you get a\u00a0<strong>15% discount in your first order,<\/strong>\u00a0but remember that this promo has an expiration date!<\/p>\n<p style=\"font-weight: 400;\"><em>*We recommend you check the spam or promo folders.\u00a0<\/em><\/p>\n<h3><strong>12. Can I unsubscribe from the newsletter?<\/strong><\/h3>\n<p style=\"font-weight: 400;\">Yes, you can unsubscribe from our newsletter in any of the newsletters received. At the bottom, clicking on: \u201cUNSUSBSCRIBE, THANKS\u201d<\/p>\n<h3><strong>13. can I request and invoice?<\/strong><\/h3>\n<p style=\"font-weight: 400;\">For sure!\u00a0In the step 2 of the purchasing process (Personal Information), under the billing address, you will have to check the box if you want to receive the invoice and fill the information.<\/p>\n<p style=\"font-weight: 400;\">If you have any problem, we recommend you contact us by email: \u00a0<u><a href=\"mailto:shop@paradisedesignstore.com\">shop@paradisedesignstore.com<\/a><\/u>. We will answer as soon as possible.<\/p>\n<p style=\"font-weight: 400;\">The customer service hours are from Monday to Friday from 9h to 18h.<\/p>\n<h3><strong>14. Can I place an order by phone?<\/strong><\/h3>\n<p style=\"font-weight: 400;\">Yes, if you have any problem when completing the online purchase, contact us by email here:\u00a0<u><a href=\"mailto:shop@paradisedesignstore.com\">shop@paradisedesignstore.com<\/a><\/u>\u00a0or by\u00a0<u>WhatsApp<\/u>\u00a0at 615 043 665, and we will help you to finish the order. The customer service hours are from Monday to Friday from 9h to 18h.<\/p>\n","protected":false},"excerpt":{"rendered":"<p>General 1. In which countries can I buy online? You can check HERE in which countries we ship orders, in addition to costs and delivery times. 2. How can I contact customer support? We are at your disposal through these channels: &#8211; By WhatsApp at 615 043 665. &#8211; Sending an email to shop@paradisedesignstore.com &#8211; [&hellip;]<\/p>\n","protected":false},"author":1,"featured_media":0,"parent":0,"menu_order":0,"comment_status":"closed","ping_status":"closed","template":"","meta":{"footnotes":""},"class_list":["post-527","page","type-page","status-publish","hentry"],"_links":{"self":[{"href":"https:\/\/paradisedesignstore.com\/en\/wp-json\/wp\/v2\/pages\/527","targetHints":{"allow":["GET"]}}],"collection":[{"href":"https:\/\/paradisedesignstore.com\/en\/wp-json\/wp\/v2\/pages"}],"about":[{"href":"https:\/\/paradisedesignstore.com\/en\/wp-json\/wp\/v2\/types\/page"}],"author":[{"embeddable":true,"href":"https:\/\/paradisedesignstore.com\/en\/wp-json\/wp\/v2\/users\/1"}],"replies":[{"embeddable":true,"href":"https:\/\/paradisedesignstore.com\/en\/wp-json\/wp\/v2\/comments?post=527"}],"version-history":[{"count":0,"href":"https:\/\/paradisedesignstore.com\/en\/wp-json\/wp\/v2\/pages\/527\/revisions"}],"wp:attachment":[{"href":"https:\/\/paradisedesignstore.com\/en\/wp-json\/wp\/v2\/media?parent=527"}],"curies":[{"name":"wp","href":"https:\/\/api.w.org\/{rel}","templated":true}]}}