{"id":2037,"date":"2021-07-23T12:20:36","date_gmt":"2021-07-23T10:20:36","guid":{"rendered":"https:\/\/paradisedesignstore.com\/?page_id=2037"},"modified":"2021-07-23T12:20:51","modified_gmt":"2021-07-23T10:20:51","slug":"bienvenido","status":"publish","type":"page","link":"https:\/\/paradisedesignstore.com\/en\/bienvenido\/","title":{"rendered":"Bienvenido"},"content":{"rendered":"\t\t<div data-elementor-type=\"wp-page\" data-elementor-id=\"2037\" class=\"elementor elementor-2037\" data-elementor-post-type=\"page\">\n\t\t\t\t\t\t<section class=\"elementor-section elementor-top-section elementor-element elementor-element-150d377 elementor-reverse-mobile elementor-section-boxed elementor-section-height-default elementor-section-height-default\" data-id=\"150d377\" data-element_type=\"section\" data-e-type=\"section\">\n\t\t\t\t\t\t<div class=\"elementor-container elementor-column-gap-default\">\n\t\t\t\t\t<div class=\"elementor-column elementor-col-50 elementor-top-column elementor-element elementor-element-d3bdf61\" data-id=\"d3bdf61\" data-element_type=\"column\" data-e-type=\"column\">\n\t\t\t<div class=\"elementor-widget-wrap elementor-element-populated\">\n\t\t\t\t\t\t<div class=\"elementor-element elementor-element-52a0ebb elementor-widget elementor-widget-text-editor\" data-id=\"52a0ebb\" data-element_type=\"widget\" data-e-type=\"widget\" data-widget_type=\"text-editor.default\">\n\t\t\t\t<div class=\"elementor-widget-container\">\n\t\t\t\t\t\t\t\t\t<p class=\"tve_p_center\" data-css=\"tve-u-162f725addd\">Solo queda un paso para confirmar tu suscripci\u00f3n. Y se trata de\u00a0<strong>abrir un peque\u00f1o email que te hemos enviado<\/strong>.\u00a0<\/p><p>Si no quieres perderte ninguno de nuestros contenidos y que no acaben por accidente en tu carpeta de Spam, te recomiendo hacer un par de cosas:<\/p><p><span class=\"tve_custom_font_size\" data-css=\"tve-u-162f723f8d4\">1) Mira tu bandeja de entrada o en la carpeta de SPAM para confirmar tu suscripci\u00f3n y en la pesta\u00f1a de promociones si est\u00e1s en Gmail.\u00a0<\/span><\/p><p>2) A\u00f1ade a hola@paradisedesign.com a tu libreta de contactos.<\/p><p>3) Si usas Gmail, arrastra mis correos hacia la bandeja principal (haz algo similar si usas Yahoo o Mac mail). Si usas Outlook, agrega info@elasun.com a tu lista de remitentes seguros.<\/p><p>Esto es importante: No crees ning\u00fan filtro para hacerlo. Lee el correo y mu\u00e9velo manualmente a la carpeta de archivo.<\/p>\t\t\t\t\t\t\t\t<\/div>\n\t\t\t\t<\/div>\n\t\t\t\t\t<\/div>\n\t\t<\/div>\n\t\t\t\t<div class=\"elementor-column elementor-col-50 elementor-top-column elementor-element elementor-element-833fe59\" data-id=\"833fe59\" data-element_type=\"column\" data-e-type=\"column\">\n\t\t\t<div class=\"elementor-widget-wrap\">\n\t\t\t\t\t\t\t<\/div>\n\t\t<\/div>\n\t\t\t\t\t<\/div>\n\t\t<\/section>\n\t\t\t\t<\/div>\n\t\t","protected":false},"excerpt":{"rendered":"<p>Solo queda un paso para confirmar tu suscripci\u00f3n. Y se trata de\u00a0abrir un peque\u00f1o email que te hemos enviado.\u00a0 Si no quieres perderte ninguno de nuestros contenidos y que no acaben por accidente en tu carpeta de Spam, te recomiendo hacer un par de cosas: 1) Mira tu bandeja de entrada o en la carpeta [&hellip;]<\/p>\n","protected":false},"author":1,"featured_media":0,"parent":0,"menu_order":0,"comment_status":"closed","ping_status":"closed","template":"","meta":{"footnotes":""},"class_list":["post-2037","page","type-page","status-publish","hentry"],"_links":{"self":[{"href":"https:\/\/paradisedesignstore.com\/en\/wp-json\/wp\/v2\/pages\/2037","targetHints":{"allow":["GET"]}}],"collection":[{"href":"https:\/\/paradisedesignstore.com\/en\/wp-json\/wp\/v2\/pages"}],"about":[{"href":"https:\/\/paradisedesignstore.com\/en\/wp-json\/wp\/v2\/types\/page"}],"author":[{"embeddable":true,"href":"https:\/\/paradisedesignstore.com\/en\/wp-json\/wp\/v2\/users\/1"}],"replies":[{"embeddable":true,"href":"https:\/\/paradisedesignstore.com\/en\/wp-json\/wp\/v2\/comments?post=2037"}],"version-history":[{"count":0,"href":"https:\/\/paradisedesignstore.com\/en\/wp-json\/wp\/v2\/pages\/2037\/revisions"}],"wp:attachment":[{"href":"https:\/\/paradisedesignstore.com\/en\/wp-json\/wp\/v2\/media?parent=2037"}],"curies":[{"name":"wp","href":"https:\/\/api.w.org\/{rel}","templated":true}]}}